{"id":30547,"date":"2020-12-23T11:38:51","date_gmt":"2020-12-23T11:38:51","guid":{"rendered":"https:\/\/www.orto24.lt\/produktas\/prim-contactless-thermometer\/"},"modified":"2020-12-23T11:38:51","modified_gmt":"2020-12-23T11:38:51","slug":"prim-contactless-thermometer","status":"publish","type":"product","link":"https:\/\/www.orto24.lt\/en\/produktas\/prim-contactless-thermometer\/","title":{"rendered":"PRIM contactless thermometer"},"content":{"rendered":"<p>The PRIM infrared thermometer provides accurate and stable body temperature readings &#8211; particularly effective for measuring the temperature of newborns and very young children, as well as adults. Large display with 3-colour backlight (green for normal temperature, yellow for elevated temperature, red for high temperature). <\/p>\n<p>The PRIM non-contact thermometer is a thermometer for a wide range of applications (body, ambient, liquid and other object temperatures).<\/p>\n<p>PRIM contactless thermometer:<\/p>\n<ul>\n<li>Temperature measurement in just seconds<\/li>\n<li>measure distances of 1 cm from the surface of the body or objects.<\/li>\n<li>high accuracy +\/- 0.2\u00b0C<\/li>\n<li>temperature measurement range: 0\u00b0C ~ 100\u00b0C<\/li>\n<li>34 memory of last measurements<\/li>\n<li>LCD display<\/li>\n<li>automatic switch-off<\/li>\n<li>temperature measurement: body, object<\/li>\n<li>CE certificate<\/li>\n<\/ul>\n","protected":false},"excerpt":{"rendered":"<p>The PRIM non-contact thermometer is a thermometer for a wide range of applications (body, ambient, liquid and other object temperatures).<\/p>\n","protected":false},"featured_media":30552,"comment_status":"open","ping_status":"closed","template":"","meta":[],"product_brand":[],"product_cat":[1444],"product_tag":[],"class_list":{"0":"post-30547","1":"product","2":"type-product","3":"status-publish","4":"has-post-thumbnail","6":"product_cat-pulse-oximeter-thermometers","8":"first","9":"instock","10":"taxable","11":"shipping-taxable","12":"purchasable","13":"product-type-simple"},"yoast_head":"<!-- This site is optimized with the Yoast SEO plugin v26.0 - https:\/\/yoast.com\/wordpress\/plugins\/seo\/ -->\n<title>PRIM contactless thermometer - Ortopedini\u0173 preki\u0173 parduotuv\u0117 - orto24.lt<\/title>\n<meta name=\"description\" content=\"The PRIM non-contact thermometer is a thermometer for a wide range of applications (body, ambient, liquid and other object temperatures).\" \/>\n<meta name=\"robots\" content=\"index, follow, max-snippet:-1, max-image-preview:large, max-video-preview:-1\" \/>\n<link rel=\"canonical\" href=\"https:\/\/www.orto24.lt\/en\/produktas\/prim-contactless-thermometer\/\" \/>\n<meta property=\"og:locale\" content=\"en_US\" \/>\n<meta property=\"og:type\" content=\"article\" \/>\n<meta property=\"og:title\" content=\"PRIM contactless thermometer - Ortopedini\u0173 preki\u0173 parduotuv\u0117 - orto24.lt\" \/>\n<meta property=\"og:description\" content=\"The PRIM non-contact thermometer is a thermometer for a wide range of applications (body, ambient, liquid and other object temperatures).\" \/>\n<meta property=\"og:url\" content=\"https:\/\/www.orto24.lt\/en\/produktas\/prim-contactless-thermometer\/\" \/>\n<meta property=\"og:site_name\" content=\"Ortopedini\u0173 preki\u0173 parduotuv\u0117 - orto24.lt\" \/>\n<meta property=\"article:publisher\" content=\"https:\/\/www.facebook.com\/mtsprendimai\/\" \/>\n<meta property=\"og:image\" content=\"https:\/\/www.orto24.lt\/wp-content\/uploads\/2020\/12\/infrared-thermometer-prim-2.jpg\" \/>\n\t<meta property=\"og:image:width\" content=\"728\" \/>\n\t<meta property=\"og:image:height\" content=\"715\" \/>\n\t<meta property=\"og:image:type\" content=\"image\/jpeg\" \/>\n<meta name=\"twitter:card\" content=\"summary_large_image\" \/>\n<meta name=\"twitter:label1\" content=\"Est. reading time\" \/>\n\t<meta name=\"twitter:data1\" content=\"1 minute\" \/>\n<script type=\"application\/ld+json\" class=\"yoast-schema-graph\">{\"@context\":\"https:\/\/schema.org\",\"@graph\":[{\"@type\":\"WebPage\",\"@id\":\"https:\/\/www.orto24.lt\/en\/produktas\/prim-contactless-thermometer\/\",\"url\":\"https:\/\/www.orto24.lt\/en\/produktas\/prim-contactless-thermometer\/\",\"name\":\"PRIM contactless thermometer - Ortopedini\u0173 preki\u0173 parduotuv\u0117 - orto24.lt\",\"isPartOf\":{\"@id\":\"https:\/\/www.orto24.lt\/en\/#website\"},\"primaryImageOfPage\":{\"@id\":\"https:\/\/www.orto24.lt\/en\/produktas\/prim-contactless-thermometer\/#primaryimage\"},\"image\":{\"@id\":\"https:\/\/www.orto24.lt\/en\/produktas\/prim-contactless-thermometer\/#primaryimage\"},\"thumbnailUrl\":\"https:\/\/www.orto24.lt\/wp-content\/uploads\/2020\/12\/infrared-thermometer-prim-2.jpg\",\"datePublished\":\"2020-12-23T11:38:51+00:00\",\"description\":\"The PRIM non-contact thermometer is a thermometer for a wide range of applications (body, ambient, liquid and other object temperatures).\",\"breadcrumb\":{\"@id\":\"https:\/\/www.orto24.lt\/en\/produktas\/prim-contactless-thermometer\/#breadcrumb\"},\"inLanguage\":\"en-US\",\"potentialAction\":[{\"@type\":\"ReadAction\",\"target\":[\"https:\/\/www.orto24.lt\/en\/produktas\/prim-contactless-thermometer\/\"]}]},{\"@type\":\"ImageObject\",\"inLanguage\":\"en-US\",\"@id\":\"https:\/\/www.orto24.lt\/en\/produktas\/prim-contactless-thermometer\/#primaryimage\",\"url\":\"https:\/\/www.orto24.lt\/wp-content\/uploads\/2020\/12\/infrared-thermometer-prim-2.jpg\",\"contentUrl\":\"https:\/\/www.orto24.lt\/wp-content\/uploads\/2020\/12\/infrared-thermometer-prim-2.jpg\",\"width\":728,\"height\":715,\"caption\":\"PRIM contactless thermometer\"},{\"@type\":\"BreadcrumbList\",\"@id\":\"https:\/\/www.orto24.lt\/en\/produktas\/prim-contactless-thermometer\/#breadcrumb\",\"itemListElement\":[{\"@type\":\"ListItem\",\"position\":1,\"name\":\"Home\",\"item\":\"https:\/\/www.orto24.lt\/en\/\"},{\"@type\":\"ListItem\",\"position\":2,\"name\":\"Shop\",\"item\":\"https:\/\/www.orto24.lt\/en\/shop\/\"},{\"@type\":\"ListItem\",\"position\":3,\"name\":\"PRIM contactless thermometer\"}]},{\"@type\":\"WebSite\",\"@id\":\"https:\/\/www.orto24.lt\/en\/#website\",\"url\":\"https:\/\/www.orto24.lt\/en\/\",\"name\":\"Ortopedini\u0173 preki\u0173 parduotuv\u0117 - orto24.lt\",\"description\":\"| orto24.lt\",\"potentialAction\":[{\"@type\":\"SearchAction\",\"target\":{\"@type\":\"EntryPoint\",\"urlTemplate\":\"https:\/\/www.orto24.lt\/en\/?s={search_term_string}\"},\"query-input\":{\"@type\":\"PropertyValueSpecification\",\"valueRequired\":true,\"valueName\":\"search_term_string\"}}],\"inLanguage\":\"en-US\"}]}<\/script>\n<!-- \/ Yoast SEO plugin. -->","yoast_head_json":{"title":"PRIM contactless thermometer - Ortopedini\u0173 preki\u0173 parduotuv\u0117 - orto24.lt","description":"The PRIM non-contact thermometer is a thermometer for a wide range of applications (body, ambient, liquid and other object temperatures).","robots":{"index":"index","follow":"follow","max-snippet":"max-snippet:-1","max-image-preview":"max-image-preview:large","max-video-preview":"max-video-preview:-1"},"canonical":"https:\/\/www.orto24.lt\/en\/produktas\/prim-contactless-thermometer\/","og_locale":"en_US","og_type":"article","og_title":"PRIM contactless thermometer - Ortopedini\u0173 preki\u0173 parduotuv\u0117 - orto24.lt","og_description":"The PRIM non-contact thermometer is a thermometer for a wide range of applications (body, ambient, liquid and other object temperatures).","og_url":"https:\/\/www.orto24.lt\/en\/produktas\/prim-contactless-thermometer\/","og_site_name":"Ortopedini\u0173 preki\u0173 parduotuv\u0117 - orto24.lt","article_publisher":"https:\/\/www.facebook.com\/mtsprendimai\/","og_image":[{"width":728,"height":715,"url":"https:\/\/www.orto24.lt\/wp-content\/uploads\/2020\/12\/infrared-thermometer-prim-2.jpg","type":"image\/jpeg"}],"twitter_card":"summary_large_image","twitter_misc":{"Est. reading time":"1 minute"},"schema":{"@context":"https:\/\/schema.org","@graph":[{"@type":"WebPage","@id":"https:\/\/www.orto24.lt\/en\/produktas\/prim-contactless-thermometer\/","url":"https:\/\/www.orto24.lt\/en\/produktas\/prim-contactless-thermometer\/","name":"PRIM contactless thermometer - Ortopedini\u0173 preki\u0173 parduotuv\u0117 - orto24.lt","isPartOf":{"@id":"https:\/\/www.orto24.lt\/en\/#website"},"primaryImageOfPage":{"@id":"https:\/\/www.orto24.lt\/en\/produktas\/prim-contactless-thermometer\/#primaryimage"},"image":{"@id":"https:\/\/www.orto24.lt\/en\/produktas\/prim-contactless-thermometer\/#primaryimage"},"thumbnailUrl":"https:\/\/www.orto24.lt\/wp-content\/uploads\/2020\/12\/infrared-thermometer-prim-2.jpg","datePublished":"2020-12-23T11:38:51+00:00","description":"The PRIM non-contact thermometer is a thermometer for a wide range of applications (body, ambient, liquid and other object temperatures).","breadcrumb":{"@id":"https:\/\/www.orto24.lt\/en\/produktas\/prim-contactless-thermometer\/#breadcrumb"},"inLanguage":"en-US","potentialAction":[{"@type":"ReadAction","target":["https:\/\/www.orto24.lt\/en\/produktas\/prim-contactless-thermometer\/"]}]},{"@type":"ImageObject","inLanguage":"en-US","@id":"https:\/\/www.orto24.lt\/en\/produktas\/prim-contactless-thermometer\/#primaryimage","url":"https:\/\/www.orto24.lt\/wp-content\/uploads\/2020\/12\/infrared-thermometer-prim-2.jpg","contentUrl":"https:\/\/www.orto24.lt\/wp-content\/uploads\/2020\/12\/infrared-thermometer-prim-2.jpg","width":728,"height":715,"caption":"PRIM contactless thermometer"},{"@type":"BreadcrumbList","@id":"https:\/\/www.orto24.lt\/en\/produktas\/prim-contactless-thermometer\/#breadcrumb","itemListElement":[{"@type":"ListItem","position":1,"name":"Home","item":"https:\/\/www.orto24.lt\/en\/"},{"@type":"ListItem","position":2,"name":"Shop","item":"https:\/\/www.orto24.lt\/en\/shop\/"},{"@type":"ListItem","position":3,"name":"PRIM contactless thermometer"}]},{"@type":"WebSite","@id":"https:\/\/www.orto24.lt\/en\/#website","url":"https:\/\/www.orto24.lt\/en\/","name":"Ortopedini\u0173 preki\u0173 parduotuv\u0117 - orto24.lt","description":"| orto24.lt","potentialAction":[{"@type":"SearchAction","target":{"@type":"EntryPoint","urlTemplate":"https:\/\/www.orto24.lt\/en\/?s={search_term_string}"},"query-input":{"@type":"PropertyValueSpecification","valueRequired":true,"valueName":"search_term_string"}}],"inLanguage":"en-US"}]}},"_links":{"self":[{"href":"https:\/\/www.orto24.lt\/en\/wp-json\/wp\/v2\/product\/30547","targetHints":{"allow":["GET"]}}],"collection":[{"href":"https:\/\/www.orto24.lt\/en\/wp-json\/wp\/v2\/product"}],"about":[{"href":"https:\/\/www.orto24.lt\/en\/wp-json\/wp\/v2\/types\/product"}],"replies":[{"embeddable":true,"href":"https:\/\/www.orto24.lt\/en\/wp-json\/wp\/v2\/comments?post=30547"}],"version-history":[{"count":0,"href":"https:\/\/www.orto24.lt\/en\/wp-json\/wp\/v2\/product\/30547\/revisions"}],"wp:featuredmedia":[{"embeddable":true,"href":"https:\/\/www.orto24.lt\/en\/wp-json\/wp\/v2\/media\/30552"}],"wp:attachment":[{"href":"https:\/\/www.orto24.lt\/en\/wp-json\/wp\/v2\/media?parent=30547"}],"wp:term":[{"taxonomy":"product_brand","embeddable":true,"href":"https:\/\/www.orto24.lt\/en\/wp-json\/wp\/v2\/product_brand?post=30547"},{"taxonomy":"product_cat","embeddable":true,"href":"https:\/\/www.orto24.lt\/en\/wp-json\/wp\/v2\/product_cat?post=30547"},{"taxonomy":"product_tag","embeddable":true,"href":"https:\/\/www.orto24.lt\/en\/wp-json\/wp\/v2\/product_tag?post=30547"}],"curies":[{"name":"wp","href":"https:\/\/api.w.org\/{rel}","templated":true}]}}