{"id":30568,"date":"2022-05-10T10:44:27","date_gmt":"2022-05-10T10:44:27","guid":{"rendered":"https:\/\/www.orto24.lt\/produktas\/prim-care-back-splint-with-additional-clasp\/"},"modified":"2022-05-10T10:44:27","modified_gmt":"2022-05-10T10:44:27","slug":"prim-care-back-splint-with-additional-clasp","status":"publish","type":"product","link":"https:\/\/www.orto24.lt\/en\/produktas\/prim-care-back-splint-with-additional-clasp\/","title":{"rendered":"PRIM Care+ back splint with additional clasp"},"content":{"rendered":"<p>Properties of the barrier:<\/p>\n<ul>\n<li>The wide <em>CrissCross<\/em> straps on the back reinforce the lumbar area;<\/li>\n<li>The additional clasps further strengthen the spine;<\/li>\n<li>The 4 metal supports can be moulded to the patient&#8217;s anatomy for extra stability;<\/li>\n<li>Made in Spain.<\/li>\n<li>Suitable for mild to moderate lumbar back pain, after minor injuries or for injury prevention.<\/li>\n<\/ul>\n","protected":false},"excerpt":{"rendered":"<ul>\n<li>The wide <em>CrissCross<\/em> straps on the back reinforce the lumbar area;<\/li>\n<li>The additional clasps further strengthen the spine;<\/li>\n<li>The 4 metal supports can be moulded to the patient&#8217;s anatomy for extra stability;<\/li>\n<li>Made in Spain.<\/li>\n<li>Suitable for mild to moderate lumbar back pain, after minor injuries or for injury prevention.<\/li>\n<\/ul>\n<p><img fetchpriority=\"high\" decoding=\"async\" class=\"alignnone size-full wp-image-6530\" src=\"https:\/\/www.orto24.lt\/wp-content\/uploads\/2016\/03\/primlog.png\" alt=\"primlog\" width=\"325\" height=\"227\" srcset=\"https:\/\/www.orto24.lt\/wp-content\/uploads\/2016\/03\/primlog.png 325w, https:\/\/www.orto24.lt\/wp-content\/uploads\/2016\/03\/primlog-150x105.png 150w, https:\/\/www.orto24.lt\/wp-content\/uploads\/2016\/03\/primlog-300x210.png 300w, https:\/\/www.orto24.lt\/wp-content\/uploads\/2016\/03\/primlog-24x17.png 24w, https:\/\/www.orto24.lt\/wp-content\/uploads\/2016\/03\/primlog-36x25.png 36w, https:\/\/www.orto24.lt\/wp-content\/uploads\/2016\/03\/primlog-48x34.png 48w\" sizes=\"(max-width: 325px) 100vw, 325px\" \/><\/p>\n","protected":false},"featured_media":30569,"comment_status":"open","ping_status":"closed","template":"","meta":[],"product_brand":[],"product_cat":[1124,1101],"product_tag":[1125,1104,1121,1116,1112,1102],"class_list":{"0":"post-30568","1":"product","2":"type-product","3":"status-publish","4":"has-post-thumbnail","6":"product_cat-back-splints","7":"product_cat-braces","8":"product_tag-back-splint","9":"product_tag-for-your-back","10":"product_tag-lumbar-pain","11":"product_tag-pain","12":"product_tag-see","13":"product_tag-splint","15":"first","16":"instock","17":"taxable","18":"shipping-taxable","19":"purchasable","20":"product-type-variable","21":"has-default-attributes"},"yoast_head":"<!-- This site is optimized with the Yoast SEO plugin v26.0 - https:\/\/yoast.com\/wordpress\/plugins\/seo\/ -->\n<title>PRIM Care+ back splint with additional clasp - Ortopedini\u0173 preki\u0173 parduotuv\u0117 - orto24.lt<\/title>\n<meta name=\"robots\" content=\"index, follow, max-snippet:-1, max-image-preview:large, max-video-preview:-1\" \/>\n<link rel=\"canonical\" href=\"https:\/\/www.orto24.lt\/en\/produktas\/prim-care-back-splint-with-additional-clasp\/\" \/>\n<meta property=\"og:locale\" content=\"en_US\" \/>\n<meta property=\"og:type\" content=\"article\" \/>\n<meta property=\"og:title\" content=\"PRIM Care+ back splint with additional clasp - Ortopedini\u0173 preki\u0173 parduotuv\u0117 - orto24.lt\" \/>\n<meta property=\"og:description\" content=\"The wide CrissCross straps on the back reinforce the lumbar area;  The additional clasps further strengthen the spine;  The 4 metal supports can be moulded to the patient&#039;s anatomy for extra stability;  Made in Spain.  Suitable for mild to moderate lumbar back pain, after minor injuries or for injury prevention.\" \/>\n<meta property=\"og:url\" content=\"https:\/\/www.orto24.lt\/en\/produktas\/prim-care-back-splint-with-additional-clasp\/\" \/>\n<meta property=\"og:site_name\" content=\"Ortopedini\u0173 preki\u0173 parduotuv\u0117 - orto24.lt\" \/>\n<meta property=\"article:publisher\" content=\"https:\/\/www.facebook.com\/mtsprendimai\/\" \/>\n<meta property=\"og:image\" content=\"https:\/\/www.orto24.lt\/wp-content\/uploads\/2022\/05\/PRS620.jpg\" \/>\n\t<meta property=\"og:image:width\" content=\"898\" \/>\n\t<meta property=\"og:image:height\" content=\"520\" \/>\n\t<meta property=\"og:image:type\" content=\"image\/jpeg\" \/>\n<meta name=\"twitter:card\" content=\"summary_large_image\" \/>\n<script type=\"application\/ld+json\" class=\"yoast-schema-graph\">{\"@context\":\"https:\/\/schema.org\",\"@graph\":[{\"@type\":\"WebPage\",\"@id\":\"https:\/\/www.orto24.lt\/en\/produktas\/prim-care-back-splint-with-additional-clasp\/\",\"url\":\"https:\/\/www.orto24.lt\/en\/produktas\/prim-care-back-splint-with-additional-clasp\/\",\"name\":\"PRIM Care+ back splint with additional clasp - Ortopedini\u0173 preki\u0173 parduotuv\u0117 - orto24.lt\",\"isPartOf\":{\"@id\":\"https:\/\/www.orto24.lt\/en\/#website\"},\"primaryImageOfPage\":{\"@id\":\"https:\/\/www.orto24.lt\/en\/produktas\/prim-care-back-splint-with-additional-clasp\/#primaryimage\"},\"image\":{\"@id\":\"https:\/\/www.orto24.lt\/en\/produktas\/prim-care-back-splint-with-additional-clasp\/#primaryimage\"},\"thumbnailUrl\":\"https:\/\/www.orto24.lt\/wp-content\/uploads\/2022\/05\/PRS620.jpg\",\"datePublished\":\"2022-05-10T10:44:27+00:00\",\"breadcrumb\":{\"@id\":\"https:\/\/www.orto24.lt\/en\/produktas\/prim-care-back-splint-with-additional-clasp\/#breadcrumb\"},\"inLanguage\":\"en-US\",\"potentialAction\":[{\"@type\":\"ReadAction\",\"target\":[\"https:\/\/www.orto24.lt\/en\/produktas\/prim-care-back-splint-with-additional-clasp\/\"]}]},{\"@type\":\"ImageObject\",\"inLanguage\":\"en-US\",\"@id\":\"https:\/\/www.orto24.lt\/en\/produktas\/prim-care-back-splint-with-additional-clasp\/#primaryimage\",\"url\":\"https:\/\/www.orto24.lt\/wp-content\/uploads\/2022\/05\/PRS620.jpg\",\"contentUrl\":\"https:\/\/www.orto24.lt\/wp-content\/uploads\/2022\/05\/PRS620.jpg\",\"width\":898,\"height\":520,\"caption\":\"PRIM Care+ back splint with additional clasp\"},{\"@type\":\"BreadcrumbList\",\"@id\":\"https:\/\/www.orto24.lt\/en\/produktas\/prim-care-back-splint-with-additional-clasp\/#breadcrumb\",\"itemListElement\":[{\"@type\":\"ListItem\",\"position\":1,\"name\":\"Home\",\"item\":\"https:\/\/www.orto24.lt\/en\/\"},{\"@type\":\"ListItem\",\"position\":2,\"name\":\"Shop\",\"item\":\"https:\/\/www.orto24.lt\/en\/shop\/\"},{\"@type\":\"ListItem\",\"position\":3,\"name\":\"PRIM Care+ back splint with additional clasp\"}]},{\"@type\":\"WebSite\",\"@id\":\"https:\/\/www.orto24.lt\/en\/#website\",\"url\":\"https:\/\/www.orto24.lt\/en\/\",\"name\":\"Ortopedini\u0173 preki\u0173 parduotuv\u0117 - orto24.lt\",\"description\":\"| orto24.lt\",\"potentialAction\":[{\"@type\":\"SearchAction\",\"target\":{\"@type\":\"EntryPoint\",\"urlTemplate\":\"https:\/\/www.orto24.lt\/en\/?s={search_term_string}\"},\"query-input\":{\"@type\":\"PropertyValueSpecification\",\"valueRequired\":true,\"valueName\":\"search_term_string\"}}],\"inLanguage\":\"en-US\"}]}<\/script>\n<!-- \/ Yoast SEO plugin. -->","yoast_head_json":{"title":"PRIM Care+ back splint with additional clasp - Ortopedini\u0173 preki\u0173 parduotuv\u0117 - orto24.lt","robots":{"index":"index","follow":"follow","max-snippet":"max-snippet:-1","max-image-preview":"max-image-preview:large","max-video-preview":"max-video-preview:-1"},"canonical":"https:\/\/www.orto24.lt\/en\/produktas\/prim-care-back-splint-with-additional-clasp\/","og_locale":"en_US","og_type":"article","og_title":"PRIM Care+ back splint with additional clasp - Ortopedini\u0173 preki\u0173 parduotuv\u0117 - orto24.lt","og_description":"The wide CrissCross straps on the back reinforce the lumbar area;  The additional clasps further strengthen the spine;  The 4 metal supports can be moulded to the patient's anatomy for extra stability;  Made in Spain.  Suitable for mild to moderate lumbar back pain, after minor injuries or for injury prevention.","og_url":"https:\/\/www.orto24.lt\/en\/produktas\/prim-care-back-splint-with-additional-clasp\/","og_site_name":"Ortopedini\u0173 preki\u0173 parduotuv\u0117 - orto24.lt","article_publisher":"https:\/\/www.facebook.com\/mtsprendimai\/","og_image":[{"width":898,"height":520,"url":"https:\/\/www.orto24.lt\/wp-content\/uploads\/2022\/05\/PRS620.jpg","type":"image\/jpeg"}],"twitter_card":"summary_large_image","schema":{"@context":"https:\/\/schema.org","@graph":[{"@type":"WebPage","@id":"https:\/\/www.orto24.lt\/en\/produktas\/prim-care-back-splint-with-additional-clasp\/","url":"https:\/\/www.orto24.lt\/en\/produktas\/prim-care-back-splint-with-additional-clasp\/","name":"PRIM Care+ back splint with additional clasp - Ortopedini\u0173 preki\u0173 parduotuv\u0117 - orto24.lt","isPartOf":{"@id":"https:\/\/www.orto24.lt\/en\/#website"},"primaryImageOfPage":{"@id":"https:\/\/www.orto24.lt\/en\/produktas\/prim-care-back-splint-with-additional-clasp\/#primaryimage"},"image":{"@id":"https:\/\/www.orto24.lt\/en\/produktas\/prim-care-back-splint-with-additional-clasp\/#primaryimage"},"thumbnailUrl":"https:\/\/www.orto24.lt\/wp-content\/uploads\/2022\/05\/PRS620.jpg","datePublished":"2022-05-10T10:44:27+00:00","breadcrumb":{"@id":"https:\/\/www.orto24.lt\/en\/produktas\/prim-care-back-splint-with-additional-clasp\/#breadcrumb"},"inLanguage":"en-US","potentialAction":[{"@type":"ReadAction","target":["https:\/\/www.orto24.lt\/en\/produktas\/prim-care-back-splint-with-additional-clasp\/"]}]},{"@type":"ImageObject","inLanguage":"en-US","@id":"https:\/\/www.orto24.lt\/en\/produktas\/prim-care-back-splint-with-additional-clasp\/#primaryimage","url":"https:\/\/www.orto24.lt\/wp-content\/uploads\/2022\/05\/PRS620.jpg","contentUrl":"https:\/\/www.orto24.lt\/wp-content\/uploads\/2022\/05\/PRS620.jpg","width":898,"height":520,"caption":"PRIM Care+ back splint with additional clasp"},{"@type":"BreadcrumbList","@id":"https:\/\/www.orto24.lt\/en\/produktas\/prim-care-back-splint-with-additional-clasp\/#breadcrumb","itemListElement":[{"@type":"ListItem","position":1,"name":"Home","item":"https:\/\/www.orto24.lt\/en\/"},{"@type":"ListItem","position":2,"name":"Shop","item":"https:\/\/www.orto24.lt\/en\/shop\/"},{"@type":"ListItem","position":3,"name":"PRIM Care+ back splint with additional clasp"}]},{"@type":"WebSite","@id":"https:\/\/www.orto24.lt\/en\/#website","url":"https:\/\/www.orto24.lt\/en\/","name":"Ortopedini\u0173 preki\u0173 parduotuv\u0117 - orto24.lt","description":"| orto24.lt","potentialAction":[{"@type":"SearchAction","target":{"@type":"EntryPoint","urlTemplate":"https:\/\/www.orto24.lt\/en\/?s={search_term_string}"},"query-input":{"@type":"PropertyValueSpecification","valueRequired":true,"valueName":"search_term_string"}}],"inLanguage":"en-US"}]}},"_links":{"self":[{"href":"https:\/\/www.orto24.lt\/en\/wp-json\/wp\/v2\/product\/30568","targetHints":{"allow":["GET"]}}],"collection":[{"href":"https:\/\/www.orto24.lt\/en\/wp-json\/wp\/v2\/product"}],"about":[{"href":"https:\/\/www.orto24.lt\/en\/wp-json\/wp\/v2\/types\/product"}],"replies":[{"embeddable":true,"href":"https:\/\/www.orto24.lt\/en\/wp-json\/wp\/v2\/comments?post=30568"}],"version-history":[{"count":0,"href":"https:\/\/www.orto24.lt\/en\/wp-json\/wp\/v2\/product\/30568\/revisions"}],"wp:featuredmedia":[{"embeddable":true,"href":"https:\/\/www.orto24.lt\/en\/wp-json\/wp\/v2\/media\/30569"}],"wp:attachment":[{"href":"https:\/\/www.orto24.lt\/en\/wp-json\/wp\/v2\/media?parent=30568"}],"wp:term":[{"taxonomy":"product_brand","embeddable":true,"href":"https:\/\/www.orto24.lt\/en\/wp-json\/wp\/v2\/product_brand?post=30568"},{"taxonomy":"product_cat","embeddable":true,"href":"https:\/\/www.orto24.lt\/en\/wp-json\/wp\/v2\/product_cat?post=30568"},{"taxonomy":"product_tag","embeddable":true,"href":"https:\/\/www.orto24.lt\/en\/wp-json\/wp\/v2\/product_tag?post=30568"}],"curies":[{"name":"wp","href":"https:\/\/api.w.org\/{rel}","templated":true}]}}