{"id":30599,"date":"2022-09-14T11:10:02","date_gmt":"2022-09-14T11:10:02","guid":{"rendered":"https:\/\/www.orto24.lt\/produktas\/ankle-splint-malleo-medical\/"},"modified":"2022-09-14T11:10:02","modified_gmt":"2022-09-14T11:10:02","slug":"ankle-splint-malleo-medical","status":"publish","type":"product","link":"https:\/\/www.orto24.lt\/en\/produktas\/ankle-splint-malleo-medical\/","title":{"rendered":"Ankle splint Malleo Medical"},"content":{"rendered":"<p>The Malleo medical ankle bandage is a highly effective medical product of the latest technological level. The anatomically two-layered knitted shape provides a very snug fit and the integrated lateral elastic gel pads put pressure on the surrounding tissues, which reduces the symptoms of muscle and tendon strain.<\/p>\n<p>Indications:<\/p>\n<ul>\n<li><span class=\"JLqJ4b ChMk0b\" data-language-for-alternatives=\"lt\" data-language-to-translate-into=\"cs\" data-phrase-index=\"10\" data-number-of-phrases=\"19\"><span class=\"Q4iAWc\">Ankle ligament damage.<\/span><\/span><\/li>\n<li><span class=\"JLqJ4b ChMk0b\" data-language-for-alternatives=\"lt\" data-language-to-translate-into=\"cs\" data-phrase-index=\"12\" data-number-of-phrases=\"19\"><span class=\"Q4iAWc\">Ankle joint deformity.<\/span><\/span><\/li>\n<li><span class=\"JLqJ4b ChMk0b\" data-language-for-alternatives=\"lt\" data-language-to-translate-into=\"cs\" data-phrase-index=\"14\" data-number-of-phrases=\"19\"><span class=\"Q4iAWc\">Ankle instability, injury prevention.<\/span><\/span><\/li>\n<li><span class=\"JLqJ4b ChMk0b\" data-language-for-alternatives=\"lt\" data-language-to-translate-into=\"cs\" data-phrase-index=\"16\" data-number-of-phrases=\"19\"><span class=\"Q4iAWc\">Tendomyopathy.<\/span><\/span><\/li>\n<li>For arthritis and arthrosis.<\/li>\n<li><span class=\"JLqJ4b ChMk0b\" data-language-for-alternatives=\"lt\" data-language-to-translate-into=\"cs\" data-phrase-index=\"18\" data-number-of-phrases=\"19\"><span class=\"Q4iAWc\">Degenerative changes.<\/span><\/span><\/li>\n<\/ul>\n<p>&nbsp;<\/p>\n<p>Ankle measurement location:<\/p>\n<p><img decoding=\"async\" class=\"\" src=\"https:\/\/www.orto24.lt\/wp-content\/uploads\/2019\/10\/%C4%8Diurnos-matavimas.png\" width=\"132\" height=\"141\"><\/p>\n","protected":false},"excerpt":{"rendered":"<p>The Malleo medical ankle bandage is a highly effective medical product of the latest technological level. The anatomically two-layered knitted<\/p>\n","protected":false},"featured_media":30601,"comment_status":"open","ping_status":"closed","template":"","meta":[],"product_brand":[],"product_cat":[1145],"product_tag":[],"class_list":{"0":"post-30599","1":"product","2":"type-product","3":"status-publish","4":"has-post-thumbnail","6":"product_cat-ankle-and-lower-leg-splints","8":"first","9":"instock","10":"taxable","11":"shipping-taxable","12":"purchasable","13":"product-type-variable"},"yoast_head":"<!-- This site is optimized with the Yoast SEO plugin v26.0 - https:\/\/yoast.com\/wordpress\/plugins\/seo\/ -->\n<title>Ankle splint Malleo Medical - Ortopedini\u0173 preki\u0173 parduotuv\u0117 - orto24.lt<\/title>\n<meta name=\"robots\" content=\"index, follow, max-snippet:-1, max-image-preview:large, max-video-preview:-1\" \/>\n<link rel=\"canonical\" href=\"https:\/\/www.orto24.lt\/en\/produktas\/ankle-splint-malleo-medical\/\" \/>\n<meta property=\"og:locale\" content=\"en_US\" \/>\n<meta property=\"og:type\" content=\"article\" \/>\n<meta property=\"og:title\" content=\"Ankle splint Malleo Medical - Ortopedini\u0173 preki\u0173 parduotuv\u0117 - orto24.lt\" \/>\n<meta property=\"og:description\" content=\"The Malleo medical ankle bandage is a highly effective medical product of the latest technological level. The anatomically two-layered knitted\" \/>\n<meta property=\"og:url\" content=\"https:\/\/www.orto24.lt\/en\/produktas\/ankle-splint-malleo-medical\/\" \/>\n<meta property=\"og:site_name\" content=\"Ortopedini\u0173 preki\u0173 parduotuv\u0117 - orto24.lt\" \/>\n<meta property=\"article:publisher\" content=\"https:\/\/www.facebook.com\/mtsprendimai\/\" \/>\n<meta property=\"og:image\" content=\"https:\/\/www.orto24.lt\/wp-content\/uploads\/2022\/09\/malleo.jpg\" \/>\n\t<meta property=\"og:image:width\" content=\"600\" \/>\n\t<meta property=\"og:image:height\" content=\"808\" \/>\n\t<meta property=\"og:image:type\" content=\"image\/jpeg\" \/>\n<meta name=\"twitter:card\" content=\"summary_large_image\" \/>\n<script type=\"application\/ld+json\" class=\"yoast-schema-graph\">{\"@context\":\"https:\/\/schema.org\",\"@graph\":[{\"@type\":\"WebPage\",\"@id\":\"https:\/\/www.orto24.lt\/en\/produktas\/ankle-splint-malleo-medical\/\",\"url\":\"https:\/\/www.orto24.lt\/en\/produktas\/ankle-splint-malleo-medical\/\",\"name\":\"Ankle splint Malleo Medical - Ortopedini\u0173 preki\u0173 parduotuv\u0117 - orto24.lt\",\"isPartOf\":{\"@id\":\"https:\/\/www.orto24.lt\/en\/#website\"},\"primaryImageOfPage\":{\"@id\":\"https:\/\/www.orto24.lt\/en\/produktas\/ankle-splint-malleo-medical\/#primaryimage\"},\"image\":{\"@id\":\"https:\/\/www.orto24.lt\/en\/produktas\/ankle-splint-malleo-medical\/#primaryimage\"},\"thumbnailUrl\":\"https:\/\/www.orto24.lt\/wp-content\/uploads\/2022\/09\/malleo.jpg\",\"datePublished\":\"2022-09-14T11:10:02+00:00\",\"breadcrumb\":{\"@id\":\"https:\/\/www.orto24.lt\/en\/produktas\/ankle-splint-malleo-medical\/#breadcrumb\"},\"inLanguage\":\"en-US\",\"potentialAction\":[{\"@type\":\"ReadAction\",\"target\":[\"https:\/\/www.orto24.lt\/en\/produktas\/ankle-splint-malleo-medical\/\"]}]},{\"@type\":\"ImageObject\",\"inLanguage\":\"en-US\",\"@id\":\"https:\/\/www.orto24.lt\/en\/produktas\/ankle-splint-malleo-medical\/#primaryimage\",\"url\":\"https:\/\/www.orto24.lt\/wp-content\/uploads\/2022\/09\/malleo.jpg\",\"contentUrl\":\"https:\/\/www.orto24.lt\/wp-content\/uploads\/2022\/09\/malleo.jpg\",\"width\":600,\"height\":808},{\"@type\":\"BreadcrumbList\",\"@id\":\"https:\/\/www.orto24.lt\/en\/produktas\/ankle-splint-malleo-medical\/#breadcrumb\",\"itemListElement\":[{\"@type\":\"ListItem\",\"position\":1,\"name\":\"Home\",\"item\":\"https:\/\/www.orto24.lt\/en\/\"},{\"@type\":\"ListItem\",\"position\":2,\"name\":\"Shop\",\"item\":\"https:\/\/www.orto24.lt\/en\/shop\/\"},{\"@type\":\"ListItem\",\"position\":3,\"name\":\"Ankle splint Malleo Medical\"}]},{\"@type\":\"WebSite\",\"@id\":\"https:\/\/www.orto24.lt\/en\/#website\",\"url\":\"https:\/\/www.orto24.lt\/en\/\",\"name\":\"Ortopedini\u0173 preki\u0173 parduotuv\u0117 - orto24.lt\",\"description\":\"| orto24.lt\",\"potentialAction\":[{\"@type\":\"SearchAction\",\"target\":{\"@type\":\"EntryPoint\",\"urlTemplate\":\"https:\/\/www.orto24.lt\/en\/?s={search_term_string}\"},\"query-input\":{\"@type\":\"PropertyValueSpecification\",\"valueRequired\":true,\"valueName\":\"search_term_string\"}}],\"inLanguage\":\"en-US\"}]}<\/script>\n<!-- \/ Yoast SEO plugin. -->","yoast_head_json":{"title":"Ankle splint Malleo Medical - Ortopedini\u0173 preki\u0173 parduotuv\u0117 - orto24.lt","robots":{"index":"index","follow":"follow","max-snippet":"max-snippet:-1","max-image-preview":"max-image-preview:large","max-video-preview":"max-video-preview:-1"},"canonical":"https:\/\/www.orto24.lt\/en\/produktas\/ankle-splint-malleo-medical\/","og_locale":"en_US","og_type":"article","og_title":"Ankle splint Malleo Medical - Ortopedini\u0173 preki\u0173 parduotuv\u0117 - orto24.lt","og_description":"The Malleo medical ankle bandage is a highly effective medical product of the latest technological level. The anatomically two-layered knitted","og_url":"https:\/\/www.orto24.lt\/en\/produktas\/ankle-splint-malleo-medical\/","og_site_name":"Ortopedini\u0173 preki\u0173 parduotuv\u0117 - orto24.lt","article_publisher":"https:\/\/www.facebook.com\/mtsprendimai\/","og_image":[{"width":600,"height":808,"url":"https:\/\/www.orto24.lt\/wp-content\/uploads\/2022\/09\/malleo.jpg","type":"image\/jpeg"}],"twitter_card":"summary_large_image","schema":{"@context":"https:\/\/schema.org","@graph":[{"@type":"WebPage","@id":"https:\/\/www.orto24.lt\/en\/produktas\/ankle-splint-malleo-medical\/","url":"https:\/\/www.orto24.lt\/en\/produktas\/ankle-splint-malleo-medical\/","name":"Ankle splint Malleo Medical - Ortopedini\u0173 preki\u0173 parduotuv\u0117 - orto24.lt","isPartOf":{"@id":"https:\/\/www.orto24.lt\/en\/#website"},"primaryImageOfPage":{"@id":"https:\/\/www.orto24.lt\/en\/produktas\/ankle-splint-malleo-medical\/#primaryimage"},"image":{"@id":"https:\/\/www.orto24.lt\/en\/produktas\/ankle-splint-malleo-medical\/#primaryimage"},"thumbnailUrl":"https:\/\/www.orto24.lt\/wp-content\/uploads\/2022\/09\/malleo.jpg","datePublished":"2022-09-14T11:10:02+00:00","breadcrumb":{"@id":"https:\/\/www.orto24.lt\/en\/produktas\/ankle-splint-malleo-medical\/#breadcrumb"},"inLanguage":"en-US","potentialAction":[{"@type":"ReadAction","target":["https:\/\/www.orto24.lt\/en\/produktas\/ankle-splint-malleo-medical\/"]}]},{"@type":"ImageObject","inLanguage":"en-US","@id":"https:\/\/www.orto24.lt\/en\/produktas\/ankle-splint-malleo-medical\/#primaryimage","url":"https:\/\/www.orto24.lt\/wp-content\/uploads\/2022\/09\/malleo.jpg","contentUrl":"https:\/\/www.orto24.lt\/wp-content\/uploads\/2022\/09\/malleo.jpg","width":600,"height":808},{"@type":"BreadcrumbList","@id":"https:\/\/www.orto24.lt\/en\/produktas\/ankle-splint-malleo-medical\/#breadcrumb","itemListElement":[{"@type":"ListItem","position":1,"name":"Home","item":"https:\/\/www.orto24.lt\/en\/"},{"@type":"ListItem","position":2,"name":"Shop","item":"https:\/\/www.orto24.lt\/en\/shop\/"},{"@type":"ListItem","position":3,"name":"Ankle splint Malleo Medical"}]},{"@type":"WebSite","@id":"https:\/\/www.orto24.lt\/en\/#website","url":"https:\/\/www.orto24.lt\/en\/","name":"Ortopedini\u0173 preki\u0173 parduotuv\u0117 - orto24.lt","description":"| orto24.lt","potentialAction":[{"@type":"SearchAction","target":{"@type":"EntryPoint","urlTemplate":"https:\/\/www.orto24.lt\/en\/?s={search_term_string}"},"query-input":{"@type":"PropertyValueSpecification","valueRequired":true,"valueName":"search_term_string"}}],"inLanguage":"en-US"}]}},"_links":{"self":[{"href":"https:\/\/www.orto24.lt\/en\/wp-json\/wp\/v2\/product\/30599","targetHints":{"allow":["GET"]}}],"collection":[{"href":"https:\/\/www.orto24.lt\/en\/wp-json\/wp\/v2\/product"}],"about":[{"href":"https:\/\/www.orto24.lt\/en\/wp-json\/wp\/v2\/types\/product"}],"replies":[{"embeddable":true,"href":"https:\/\/www.orto24.lt\/en\/wp-json\/wp\/v2\/comments?post=30599"}],"version-history":[{"count":0,"href":"https:\/\/www.orto24.lt\/en\/wp-json\/wp\/v2\/product\/30599\/revisions"}],"wp:featuredmedia":[{"embeddable":true,"href":"https:\/\/www.orto24.lt\/en\/wp-json\/wp\/v2\/media\/30601"}],"wp:attachment":[{"href":"https:\/\/www.orto24.lt\/en\/wp-json\/wp\/v2\/media?parent=30599"}],"wp:term":[{"taxonomy":"product_brand","embeddable":true,"href":"https:\/\/www.orto24.lt\/en\/wp-json\/wp\/v2\/product_brand?post=30599"},{"taxonomy":"product_cat","embeddable":true,"href":"https:\/\/www.orto24.lt\/en\/wp-json\/wp\/v2\/product_cat?post=30599"},{"taxonomy":"product_tag","embeddable":true,"href":"https:\/\/www.orto24.lt\/en\/wp-json\/wp\/v2\/product_tag?post=30599"}],"curies":[{"name":"wp","href":"https:\/\/api.w.org\/{rel}","templated":true}]}}