{"id":30600,"date":"2025-02-26T13:09:54","date_gmt":"2025-02-26T13:09:54","guid":{"rendered":"https:\/\/www.orto24.lt\/produktas\/thera-band-elastic-resistance-band-with-latex\/"},"modified":"2025-02-26T13:09:54","modified_gmt":"2025-02-26T13:09:54","slug":"thera-band-elastic-resistance-band-with-latex","status":"publish","type":"product","link":"https:\/\/www.orto24.lt\/en\/produktas\/thera-band-elastic-resistance-band-with-latex\/","title":{"rendered":"Thera-Band elastic resistance band with latex"},"content":{"rendered":"<p>Elastic exercise bands are used in sports to increase muscle strength, range of motion, endurance, mobility, flexibility and to improve balance and posture.<\/p>\n<p>These bands have different levels of resistance, which are arranged in the following ascending order: yellow (weakest resistance), red, green, blue, black, silver (strongest).<\/p>\n<p>The choice of the colour of the elastic band depends on your physical condition &#8211; it is advisable to choose a band that allows you to repeat the exercise for 15k.<\/p>\n<p>Made of natural rubber &#8211; latex.<\/p>\n<p>&nbsp;<\/p>\n","protected":false},"excerpt":{"rendered":"<p>Elastic exercise bands are used in sports to increase muscle strength, range of motion, endurance, mobility, flexibility and to improve<\/p>\n","protected":false},"featured_media":30607,"comment_status":"open","ping_status":"closed","template":"","meta":[],"product_brand":[],"product_cat":[1456],"product_tag":[1457,1458,1459,1189],"class_list":{"0":"post-30600","1":"product","2":"type-product","3":"status-publish","4":"has-post-thumbnail","6":"product_cat-elastic-bints-and-bands","7":"product_tag-elastic-band","8":"product_tag-resistance-bar","9":"product_tag-rubber-2","10":"product_tag-tape","12":"first","13":"instock","14":"taxable","15":"shipping-taxable","16":"purchasable","17":"product-type-variable"},"yoast_head":"<!-- This site is optimized with the Yoast SEO plugin v26.0 - https:\/\/yoast.com\/wordpress\/plugins\/seo\/ -->\n<title>Thera-Band elastic resistance band with latex - Ortopedini\u0173 preki\u0173 parduotuv\u0117 - orto24.lt<\/title>\n<meta name=\"robots\" content=\"index, follow, max-snippet:-1, max-image-preview:large, max-video-preview:-1\" \/>\n<link rel=\"canonical\" href=\"https:\/\/www.orto24.lt\/en\/produktas\/thera-band-elastic-resistance-band-with-latex\/\" \/>\n<meta property=\"og:locale\" content=\"en_US\" \/>\n<meta property=\"og:type\" content=\"article\" \/>\n<meta property=\"og:title\" content=\"Thera-Band elastic resistance band with latex - Ortopedini\u0173 preki\u0173 parduotuv\u0117 - orto24.lt\" \/>\n<meta property=\"og:description\" content=\"Elastic exercise bands are used in sports to increase muscle strength, range of motion, endurance, mobility, flexibility and to improve\" \/>\n<meta property=\"og:url\" content=\"https:\/\/www.orto24.lt\/en\/produktas\/thera-band-elastic-resistance-band-with-latex\/\" \/>\n<meta property=\"og:site_name\" content=\"Ortopedini\u0173 preki\u0173 parduotuv\u0117 - orto24.lt\" \/>\n<meta property=\"article:publisher\" content=\"https:\/\/www.facebook.com\/mtsprendimai\/\" \/>\n<meta property=\"og:image\" content=\"https:\/\/www.orto24.lt\/wp-content\/uploads\/2025\/02\/148-5006.jpg\" \/>\n\t<meta property=\"og:image:width\" content=\"550\" \/>\n\t<meta property=\"og:image:height\" content=\"550\" \/>\n\t<meta property=\"og:image:type\" content=\"image\/jpeg\" \/>\n<meta name=\"twitter:card\" content=\"summary_large_image\" \/>\n<script type=\"application\/ld+json\" class=\"yoast-schema-graph\">{\"@context\":\"https:\/\/schema.org\",\"@graph\":[{\"@type\":\"WebPage\",\"@id\":\"https:\/\/www.orto24.lt\/en\/produktas\/thera-band-elastic-resistance-band-with-latex\/\",\"url\":\"https:\/\/www.orto24.lt\/en\/produktas\/thera-band-elastic-resistance-band-with-latex\/\",\"name\":\"Thera-Band elastic resistance band with latex - Ortopedini\u0173 preki\u0173 parduotuv\u0117 - orto24.lt\",\"isPartOf\":{\"@id\":\"https:\/\/www.orto24.lt\/en\/#website\"},\"primaryImageOfPage\":{\"@id\":\"https:\/\/www.orto24.lt\/en\/produktas\/thera-band-elastic-resistance-band-with-latex\/#primaryimage\"},\"image\":{\"@id\":\"https:\/\/www.orto24.lt\/en\/produktas\/thera-band-elastic-resistance-band-with-latex\/#primaryimage\"},\"thumbnailUrl\":\"https:\/\/www.orto24.lt\/wp-content\/uploads\/2025\/02\/148-5006.jpg\",\"datePublished\":\"2025-02-26T13:09:54+00:00\",\"breadcrumb\":{\"@id\":\"https:\/\/www.orto24.lt\/en\/produktas\/thera-band-elastic-resistance-band-with-latex\/#breadcrumb\"},\"inLanguage\":\"en-US\",\"potentialAction\":[{\"@type\":\"ReadAction\",\"target\":[\"https:\/\/www.orto24.lt\/en\/produktas\/thera-band-elastic-resistance-band-with-latex\/\"]}]},{\"@type\":\"ImageObject\",\"inLanguage\":\"en-US\",\"@id\":\"https:\/\/www.orto24.lt\/en\/produktas\/thera-band-elastic-resistance-band-with-latex\/#primaryimage\",\"url\":\"https:\/\/www.orto24.lt\/wp-content\/uploads\/2025\/02\/148-5006.jpg\",\"contentUrl\":\"https:\/\/www.orto24.lt\/wp-content\/uploads\/2025\/02\/148-5006.jpg\",\"width\":550,\"height\":550},{\"@type\":\"BreadcrumbList\",\"@id\":\"https:\/\/www.orto24.lt\/en\/produktas\/thera-band-elastic-resistance-band-with-latex\/#breadcrumb\",\"itemListElement\":[{\"@type\":\"ListItem\",\"position\":1,\"name\":\"Home\",\"item\":\"https:\/\/www.orto24.lt\/en\/\"},{\"@type\":\"ListItem\",\"position\":2,\"name\":\"Shop\",\"item\":\"https:\/\/www.orto24.lt\/en\/shop\/\"},{\"@type\":\"ListItem\",\"position\":3,\"name\":\"Thera-Band elastic resistance band with latex\"}]},{\"@type\":\"WebSite\",\"@id\":\"https:\/\/www.orto24.lt\/en\/#website\",\"url\":\"https:\/\/www.orto24.lt\/en\/\",\"name\":\"Ortopedini\u0173 preki\u0173 parduotuv\u0117 - orto24.lt\",\"description\":\"| orto24.lt\",\"potentialAction\":[{\"@type\":\"SearchAction\",\"target\":{\"@type\":\"EntryPoint\",\"urlTemplate\":\"https:\/\/www.orto24.lt\/en\/?s={search_term_string}\"},\"query-input\":{\"@type\":\"PropertyValueSpecification\",\"valueRequired\":true,\"valueName\":\"search_term_string\"}}],\"inLanguage\":\"en-US\"}]}<\/script>\n<!-- \/ Yoast SEO plugin. -->","yoast_head_json":{"title":"Thera-Band elastic resistance band with latex - Ortopedini\u0173 preki\u0173 parduotuv\u0117 - orto24.lt","robots":{"index":"index","follow":"follow","max-snippet":"max-snippet:-1","max-image-preview":"max-image-preview:large","max-video-preview":"max-video-preview:-1"},"canonical":"https:\/\/www.orto24.lt\/en\/produktas\/thera-band-elastic-resistance-band-with-latex\/","og_locale":"en_US","og_type":"article","og_title":"Thera-Band elastic resistance band with latex - Ortopedini\u0173 preki\u0173 parduotuv\u0117 - orto24.lt","og_description":"Elastic exercise bands are used in sports to increase muscle strength, range of motion, endurance, mobility, flexibility and to improve","og_url":"https:\/\/www.orto24.lt\/en\/produktas\/thera-band-elastic-resistance-band-with-latex\/","og_site_name":"Ortopedini\u0173 preki\u0173 parduotuv\u0117 - orto24.lt","article_publisher":"https:\/\/www.facebook.com\/mtsprendimai\/","og_image":[{"width":550,"height":550,"url":"https:\/\/www.orto24.lt\/wp-content\/uploads\/2025\/02\/148-5006.jpg","type":"image\/jpeg"}],"twitter_card":"summary_large_image","schema":{"@context":"https:\/\/schema.org","@graph":[{"@type":"WebPage","@id":"https:\/\/www.orto24.lt\/en\/produktas\/thera-band-elastic-resistance-band-with-latex\/","url":"https:\/\/www.orto24.lt\/en\/produktas\/thera-band-elastic-resistance-band-with-latex\/","name":"Thera-Band elastic resistance band with latex - Ortopedini\u0173 preki\u0173 parduotuv\u0117 - orto24.lt","isPartOf":{"@id":"https:\/\/www.orto24.lt\/en\/#website"},"primaryImageOfPage":{"@id":"https:\/\/www.orto24.lt\/en\/produktas\/thera-band-elastic-resistance-band-with-latex\/#primaryimage"},"image":{"@id":"https:\/\/www.orto24.lt\/en\/produktas\/thera-band-elastic-resistance-band-with-latex\/#primaryimage"},"thumbnailUrl":"https:\/\/www.orto24.lt\/wp-content\/uploads\/2025\/02\/148-5006.jpg","datePublished":"2025-02-26T13:09:54+00:00","breadcrumb":{"@id":"https:\/\/www.orto24.lt\/en\/produktas\/thera-band-elastic-resistance-band-with-latex\/#breadcrumb"},"inLanguage":"en-US","potentialAction":[{"@type":"ReadAction","target":["https:\/\/www.orto24.lt\/en\/produktas\/thera-band-elastic-resistance-band-with-latex\/"]}]},{"@type":"ImageObject","inLanguage":"en-US","@id":"https:\/\/www.orto24.lt\/en\/produktas\/thera-band-elastic-resistance-band-with-latex\/#primaryimage","url":"https:\/\/www.orto24.lt\/wp-content\/uploads\/2025\/02\/148-5006.jpg","contentUrl":"https:\/\/www.orto24.lt\/wp-content\/uploads\/2025\/02\/148-5006.jpg","width":550,"height":550},{"@type":"BreadcrumbList","@id":"https:\/\/www.orto24.lt\/en\/produktas\/thera-band-elastic-resistance-band-with-latex\/#breadcrumb","itemListElement":[{"@type":"ListItem","position":1,"name":"Home","item":"https:\/\/www.orto24.lt\/en\/"},{"@type":"ListItem","position":2,"name":"Shop","item":"https:\/\/www.orto24.lt\/en\/shop\/"},{"@type":"ListItem","position":3,"name":"Thera-Band elastic resistance band with latex"}]},{"@type":"WebSite","@id":"https:\/\/www.orto24.lt\/en\/#website","url":"https:\/\/www.orto24.lt\/en\/","name":"Ortopedini\u0173 preki\u0173 parduotuv\u0117 - orto24.lt","description":"| orto24.lt","potentialAction":[{"@type":"SearchAction","target":{"@type":"EntryPoint","urlTemplate":"https:\/\/www.orto24.lt\/en\/?s={search_term_string}"},"query-input":{"@type":"PropertyValueSpecification","valueRequired":true,"valueName":"search_term_string"}}],"inLanguage":"en-US"}]}},"_links":{"self":[{"href":"https:\/\/www.orto24.lt\/en\/wp-json\/wp\/v2\/product\/30600","targetHints":{"allow":["GET"]}}],"collection":[{"href":"https:\/\/www.orto24.lt\/en\/wp-json\/wp\/v2\/product"}],"about":[{"href":"https:\/\/www.orto24.lt\/en\/wp-json\/wp\/v2\/types\/product"}],"replies":[{"embeddable":true,"href":"https:\/\/www.orto24.lt\/en\/wp-json\/wp\/v2\/comments?post=30600"}],"version-history":[{"count":1,"href":"https:\/\/www.orto24.lt\/en\/wp-json\/wp\/v2\/product\/30600\/revisions"}],"predecessor-version":[{"id":30876,"href":"https:\/\/www.orto24.lt\/en\/wp-json\/wp\/v2\/product\/30600\/revisions\/30876"}],"wp:featuredmedia":[{"embeddable":true,"href":"https:\/\/www.orto24.lt\/en\/wp-json\/wp\/v2\/media\/30607"}],"wp:attachment":[{"href":"https:\/\/www.orto24.lt\/en\/wp-json\/wp\/v2\/media?parent=30600"}],"wp:term":[{"taxonomy":"product_brand","embeddable":true,"href":"https:\/\/www.orto24.lt\/en\/wp-json\/wp\/v2\/product_brand?post=30600"},{"taxonomy":"product_cat","embeddable":true,"href":"https:\/\/www.orto24.lt\/en\/wp-json\/wp\/v2\/product_cat?post=30600"},{"taxonomy":"product_tag","embeddable":true,"href":"https:\/\/www.orto24.lt\/en\/wp-json\/wp\/v2\/product_tag?post=30600"}],"curies":[{"name":"wp","href":"https:\/\/api.w.org\/{rel}","templated":true}]}}