{"id":30632,"date":"2025-04-03T11:10:40","date_gmt":"2025-04-03T11:10:40","guid":{"rendered":"https:\/\/www.orto24.lt\/produktas\/qmed-ball-for-hands\/"},"modified":"2025-04-03T11:10:40","modified_gmt":"2025-04-03T11:10:40","slug":"qmed-ball-for-hands","status":"publish","type":"product","link":"https:\/\/www.orto24.lt\/en\/produktas\/qmed-ball-for-hands\/","title":{"rendered":"Qmed ball for hands"},"content":{"rendered":"<p>Gel ball to strengthen the muscles of the hand and forearm, used to improve grasping and holding skills\/grasping function. This ball can be used both during occupational therapy sessions and independently at home.<\/p>\n<ul>\n<li>blue &#8211; soft<\/li>\n<li>orange &#8211; solid<\/li>\n<\/ul>\n","protected":false},"excerpt":{"rendered":"<p>Gel ball to strengthen the muscles of the hand and forearm, used to improve grasping and holding skills\/grasping function. This<\/p>\n","protected":false},"featured_media":30640,"comment_status":"open","ping_status":"closed","template":"","meta":[],"product_brand":[],"product_cat":[1456],"product_tag":[1463,1474,1470,1473,1471,1472],"class_list":{"0":"post-30632","1":"product","2":"type-product","3":"status-publish","4":"has-post-thumbnail","6":"product_cat-elastic-bints-and-bands","7":"product_tag-ball","8":"product_tag-for-hands","9":"product_tag-for-massage","10":"product_tag-for-the-hand","11":"product_tag-gelinis","12":"product_tag-occupational-therapy","14":"first","15":"instock","16":"taxable","17":"shipping-taxable","18":"purchasable","19":"product-type-variable"},"yoast_head":"<!-- This site is optimized with the Yoast SEO plugin v26.0 - https:\/\/yoast.com\/wordpress\/plugins\/seo\/ -->\n<title>Qmed ball for hands - Ortopedini\u0173 preki\u0173 parduotuv\u0117 - orto24.lt<\/title>\n<meta name=\"robots\" content=\"index, follow, max-snippet:-1, max-image-preview:large, max-video-preview:-1\" \/>\n<link rel=\"canonical\" href=\"https:\/\/www.orto24.lt\/en\/produktas\/qmed-ball-for-hands\/\" \/>\n<meta property=\"og:locale\" content=\"en_US\" \/>\n<meta property=\"og:type\" content=\"article\" \/>\n<meta property=\"og:title\" content=\"Qmed ball for hands - Ortopedini\u0173 preki\u0173 parduotuv\u0117 - orto24.lt\" \/>\n<meta property=\"og:description\" content=\"Gel ball to strengthen the muscles of the hand and forearm, used to improve grasping and holding skills\/grasping function. This\" \/>\n<meta property=\"og:url\" content=\"https:\/\/www.orto24.lt\/en\/produktas\/qmed-ball-for-hands\/\" \/>\n<meta property=\"og:site_name\" content=\"Ortopedini\u0173 preki\u0173 parduotuv\u0117 - orto24.lt\" \/>\n<meta property=\"article:publisher\" content=\"https:\/\/www.facebook.com\/mtsprendimai\/\" \/>\n<meta property=\"og:image\" content=\"https:\/\/www.orto24.lt\/wp-content\/uploads\/2025\/04\/dfd54914a6d8ef1d401a77c2a9accad8.jpg\" \/>\n\t<meta property=\"og:image:width\" content=\"600\" \/>\n\t<meta property=\"og:image:height\" content=\"600\" \/>\n\t<meta property=\"og:image:type\" content=\"image\/jpeg\" \/>\n<meta name=\"twitter:card\" content=\"summary_large_image\" \/>\n<script type=\"application\/ld+json\" class=\"yoast-schema-graph\">{\"@context\":\"https:\/\/schema.org\",\"@graph\":[{\"@type\":\"WebPage\",\"@id\":\"https:\/\/www.orto24.lt\/en\/produktas\/qmed-ball-for-hands\/\",\"url\":\"https:\/\/www.orto24.lt\/en\/produktas\/qmed-ball-for-hands\/\",\"name\":\"Qmed ball for hands - Ortopedini\u0173 preki\u0173 parduotuv\u0117 - orto24.lt\",\"isPartOf\":{\"@id\":\"https:\/\/www.orto24.lt\/en\/#website\"},\"primaryImageOfPage\":{\"@id\":\"https:\/\/www.orto24.lt\/en\/produktas\/qmed-ball-for-hands\/#primaryimage\"},\"image\":{\"@id\":\"https:\/\/www.orto24.lt\/en\/produktas\/qmed-ball-for-hands\/#primaryimage\"},\"thumbnailUrl\":\"https:\/\/www.orto24.lt\/wp-content\/uploads\/2025\/04\/dfd54914a6d8ef1d401a77c2a9accad8.jpg\",\"datePublished\":\"2025-04-03T11:10:40+00:00\",\"breadcrumb\":{\"@id\":\"https:\/\/www.orto24.lt\/en\/produktas\/qmed-ball-for-hands\/#breadcrumb\"},\"inLanguage\":\"en-US\",\"potentialAction\":[{\"@type\":\"ReadAction\",\"target\":[\"https:\/\/www.orto24.lt\/en\/produktas\/qmed-ball-for-hands\/\"]}]},{\"@type\":\"ImageObject\",\"inLanguage\":\"en-US\",\"@id\":\"https:\/\/www.orto24.lt\/en\/produktas\/qmed-ball-for-hands\/#primaryimage\",\"url\":\"https:\/\/www.orto24.lt\/wp-content\/uploads\/2025\/04\/dfd54914a6d8ef1d401a77c2a9accad8.jpg\",\"contentUrl\":\"https:\/\/www.orto24.lt\/wp-content\/uploads\/2025\/04\/dfd54914a6d8ef1d401a77c2a9accad8.jpg\",\"width\":600,\"height\":600},{\"@type\":\"BreadcrumbList\",\"@id\":\"https:\/\/www.orto24.lt\/en\/produktas\/qmed-ball-for-hands\/#breadcrumb\",\"itemListElement\":[{\"@type\":\"ListItem\",\"position\":1,\"name\":\"Home\",\"item\":\"https:\/\/www.orto24.lt\/en\/\"},{\"@type\":\"ListItem\",\"position\":2,\"name\":\"Shop\",\"item\":\"https:\/\/www.orto24.lt\/en\/shop\/\"},{\"@type\":\"ListItem\",\"position\":3,\"name\":\"Qmed ball for hands\"}]},{\"@type\":\"WebSite\",\"@id\":\"https:\/\/www.orto24.lt\/en\/#website\",\"url\":\"https:\/\/www.orto24.lt\/en\/\",\"name\":\"Ortopedini\u0173 preki\u0173 parduotuv\u0117 - orto24.lt\",\"description\":\"| orto24.lt\",\"potentialAction\":[{\"@type\":\"SearchAction\",\"target\":{\"@type\":\"EntryPoint\",\"urlTemplate\":\"https:\/\/www.orto24.lt\/en\/?s={search_term_string}\"},\"query-input\":{\"@type\":\"PropertyValueSpecification\",\"valueRequired\":true,\"valueName\":\"search_term_string\"}}],\"inLanguage\":\"en-US\"}]}<\/script>\n<!-- \/ Yoast SEO plugin. -->","yoast_head_json":{"title":"Qmed ball for hands - Ortopedini\u0173 preki\u0173 parduotuv\u0117 - orto24.lt","robots":{"index":"index","follow":"follow","max-snippet":"max-snippet:-1","max-image-preview":"max-image-preview:large","max-video-preview":"max-video-preview:-1"},"canonical":"https:\/\/www.orto24.lt\/en\/produktas\/qmed-ball-for-hands\/","og_locale":"en_US","og_type":"article","og_title":"Qmed ball for hands - Ortopedini\u0173 preki\u0173 parduotuv\u0117 - orto24.lt","og_description":"Gel ball to strengthen the muscles of the hand and forearm, used to improve grasping and holding skills\/grasping function. This","og_url":"https:\/\/www.orto24.lt\/en\/produktas\/qmed-ball-for-hands\/","og_site_name":"Ortopedini\u0173 preki\u0173 parduotuv\u0117 - orto24.lt","article_publisher":"https:\/\/www.facebook.com\/mtsprendimai\/","og_image":[{"width":600,"height":600,"url":"https:\/\/www.orto24.lt\/wp-content\/uploads\/2025\/04\/dfd54914a6d8ef1d401a77c2a9accad8.jpg","type":"image\/jpeg"}],"twitter_card":"summary_large_image","schema":{"@context":"https:\/\/schema.org","@graph":[{"@type":"WebPage","@id":"https:\/\/www.orto24.lt\/en\/produktas\/qmed-ball-for-hands\/","url":"https:\/\/www.orto24.lt\/en\/produktas\/qmed-ball-for-hands\/","name":"Qmed ball for hands - Ortopedini\u0173 preki\u0173 parduotuv\u0117 - orto24.lt","isPartOf":{"@id":"https:\/\/www.orto24.lt\/en\/#website"},"primaryImageOfPage":{"@id":"https:\/\/www.orto24.lt\/en\/produktas\/qmed-ball-for-hands\/#primaryimage"},"image":{"@id":"https:\/\/www.orto24.lt\/en\/produktas\/qmed-ball-for-hands\/#primaryimage"},"thumbnailUrl":"https:\/\/www.orto24.lt\/wp-content\/uploads\/2025\/04\/dfd54914a6d8ef1d401a77c2a9accad8.jpg","datePublished":"2025-04-03T11:10:40+00:00","breadcrumb":{"@id":"https:\/\/www.orto24.lt\/en\/produktas\/qmed-ball-for-hands\/#breadcrumb"},"inLanguage":"en-US","potentialAction":[{"@type":"ReadAction","target":["https:\/\/www.orto24.lt\/en\/produktas\/qmed-ball-for-hands\/"]}]},{"@type":"ImageObject","inLanguage":"en-US","@id":"https:\/\/www.orto24.lt\/en\/produktas\/qmed-ball-for-hands\/#primaryimage","url":"https:\/\/www.orto24.lt\/wp-content\/uploads\/2025\/04\/dfd54914a6d8ef1d401a77c2a9accad8.jpg","contentUrl":"https:\/\/www.orto24.lt\/wp-content\/uploads\/2025\/04\/dfd54914a6d8ef1d401a77c2a9accad8.jpg","width":600,"height":600},{"@type":"BreadcrumbList","@id":"https:\/\/www.orto24.lt\/en\/produktas\/qmed-ball-for-hands\/#breadcrumb","itemListElement":[{"@type":"ListItem","position":1,"name":"Home","item":"https:\/\/www.orto24.lt\/en\/"},{"@type":"ListItem","position":2,"name":"Shop","item":"https:\/\/www.orto24.lt\/en\/shop\/"},{"@type":"ListItem","position":3,"name":"Qmed ball for hands"}]},{"@type":"WebSite","@id":"https:\/\/www.orto24.lt\/en\/#website","url":"https:\/\/www.orto24.lt\/en\/","name":"Ortopedini\u0173 preki\u0173 parduotuv\u0117 - orto24.lt","description":"| orto24.lt","potentialAction":[{"@type":"SearchAction","target":{"@type":"EntryPoint","urlTemplate":"https:\/\/www.orto24.lt\/en\/?s={search_term_string}"},"query-input":{"@type":"PropertyValueSpecification","valueRequired":true,"valueName":"search_term_string"}}],"inLanguage":"en-US"}]}},"_links":{"self":[{"href":"https:\/\/www.orto24.lt\/en\/wp-json\/wp\/v2\/product\/30632","targetHints":{"allow":["GET"]}}],"collection":[{"href":"https:\/\/www.orto24.lt\/en\/wp-json\/wp\/v2\/product"}],"about":[{"href":"https:\/\/www.orto24.lt\/en\/wp-json\/wp\/v2\/types\/product"}],"replies":[{"embeddable":true,"href":"https:\/\/www.orto24.lt\/en\/wp-json\/wp\/v2\/comments?post=30632"}],"version-history":[{"count":0,"href":"https:\/\/www.orto24.lt\/en\/wp-json\/wp\/v2\/product\/30632\/revisions"}],"wp:featuredmedia":[{"embeddable":true,"href":"https:\/\/www.orto24.lt\/en\/wp-json\/wp\/v2\/media\/30640"}],"wp:attachment":[{"href":"https:\/\/www.orto24.lt\/en\/wp-json\/wp\/v2\/media?parent=30632"}],"wp:term":[{"taxonomy":"product_brand","embeddable":true,"href":"https:\/\/www.orto24.lt\/en\/wp-json\/wp\/v2\/product_brand?post=30632"},{"taxonomy":"product_cat","embeddable":true,"href":"https:\/\/www.orto24.lt\/en\/wp-json\/wp\/v2\/product_cat?post=30632"},{"taxonomy":"product_tag","embeddable":true,"href":"https:\/\/www.orto24.lt\/en\/wp-json\/wp\/v2\/product_tag?post=30632"}],"curies":[{"name":"wp","href":"https:\/\/api.w.org\/{rel}","templated":true}]}}