{"id":30633,"date":"2025-02-18T11:31:57","date_gmt":"2025-02-18T11:31:57","guid":{"rendered":"https:\/\/www.orto24.lt\/produktas\/braceid-wrist-splint\/"},"modified":"2026-03-08T12:19:06","modified_gmt":"2026-03-08T12:19:06","slug":"braceid-wrist-splint","status":"publish","type":"product","link":"https:\/\/www.orto24.lt\/en\/produktas\/braceid-wrist-splint\/","title":{"rendered":"BraceID wrist splint"},"content":{"rendered":"<p>The Belgian BraceID Long Wrist Splint provides adequate stability after injuries, sprains, tendinitis, fractures, carpal tunnel syndrome or other injuries and diseases.<\/p>\n<p>Features:<\/p>\n<ul>\n<li>The brace is designed to allow the skin to breathe.<\/li>\n<li>An aluminium strip inside the wrist provides stability.<\/li>\n<li>Easily adjustable thanks to adjustable length straps.<\/li>\n<\/ul>\n<p>Indications:<\/p>\n<ul>\n<li>Carpal tunnel syndrome.<\/li>\n<li>Tendinitis.<\/li>\n<li>After fractures.<\/li>\n<li>After surgery.<\/li>\n<\/ul>\n","protected":false},"excerpt":{"rendered":"<p>The Belgian BraceID Long Wrist Splint provides adequate stability after injuries, sprains, tendinitis, fractures, carpal tunnel syndrome or other injuries<\/p>\n","protected":false},"featured_media":30635,"comment_status":"open","ping_status":"closed","template":"","meta":[],"product_brand":[],"product_cat":[1101,1109],"product_tag":[],"class_list":{"0":"post-30633","1":"product","2":"type-product","3":"status-publish","4":"has-post-thumbnail","6":"product_cat-braces","7":"product_cat-wrist-and-finger-splints","9":"first","10":"instock","11":"taxable","12":"shipping-taxable","13":"purchasable","14":"product-type-variable"},"yoast_head":"<!-- This site is optimized with the Yoast SEO plugin v26.0 - https:\/\/yoast.com\/wordpress\/plugins\/seo\/ -->\n<title>BraceID wrist splint - Ortopedini\u0173 preki\u0173 parduotuv\u0117 - orto24.lt<\/title>\n<meta name=\"robots\" content=\"index, follow, max-snippet:-1, max-image-preview:large, max-video-preview:-1\" \/>\n<link rel=\"canonical\" href=\"https:\/\/www.orto24.lt\/en\/produktas\/braceid-wrist-splint\/\" \/>\n<meta property=\"og:locale\" content=\"en_US\" \/>\n<meta property=\"og:type\" content=\"article\" \/>\n<meta property=\"og:title\" content=\"BraceID wrist splint - Ortopedini\u0173 preki\u0173 parduotuv\u0117 - orto24.lt\" \/>\n<meta property=\"og:description\" content=\"The Belgian BraceID Long Wrist Splint provides adequate stability after injuries, sprains, tendinitis, fractures, carpal tunnel syndrome or other injuries\" \/>\n<meta property=\"og:url\" content=\"https:\/\/www.orto24.lt\/en\/produktas\/braceid-wrist-splint\/\" \/>\n<meta property=\"og:site_name\" content=\"Ortopedini\u0173 preki\u0173 parduotuv\u0117 - orto24.lt\" \/>\n<meta property=\"article:publisher\" content=\"https:\/\/www.facebook.com\/mtsprendimai\/\" \/>\n<meta property=\"article:modified_time\" content=\"2026-03-08T12:19:06+00:00\" \/>\n<meta property=\"og:image\" content=\"https:\/\/www.orto24.lt\/wp-content\/uploads\/2025\/02\/D-Ring-Wrist-Brace-3.jpg\" \/>\n\t<meta property=\"og:image:width\" content=\"1633\" \/>\n\t<meta property=\"og:image:height\" content=\"1224\" \/>\n\t<meta property=\"og:image:type\" content=\"image\/jpeg\" \/>\n<meta name=\"twitter:card\" content=\"summary_large_image\" \/>\n<script type=\"application\/ld+json\" class=\"yoast-schema-graph\">{\"@context\":\"https:\/\/schema.org\",\"@graph\":[{\"@type\":\"WebPage\",\"@id\":\"https:\/\/www.orto24.lt\/en\/produktas\/braceid-wrist-splint\/\",\"url\":\"https:\/\/www.orto24.lt\/en\/produktas\/braceid-wrist-splint\/\",\"name\":\"BraceID wrist splint - Ortopedini\u0173 preki\u0173 parduotuv\u0117 - orto24.lt\",\"isPartOf\":{\"@id\":\"https:\/\/www.orto24.lt\/en\/#website\"},\"primaryImageOfPage\":{\"@id\":\"https:\/\/www.orto24.lt\/en\/produktas\/braceid-wrist-splint\/#primaryimage\"},\"image\":{\"@id\":\"https:\/\/www.orto24.lt\/en\/produktas\/braceid-wrist-splint\/#primaryimage\"},\"thumbnailUrl\":\"https:\/\/www.orto24.lt\/wp-content\/uploads\/2025\/02\/D-Ring-Wrist-Brace-3.jpg\",\"datePublished\":\"2025-02-18T11:31:57+00:00\",\"dateModified\":\"2026-03-08T12:19:06+00:00\",\"breadcrumb\":{\"@id\":\"https:\/\/www.orto24.lt\/en\/produktas\/braceid-wrist-splint\/#breadcrumb\"},\"inLanguage\":\"en-US\",\"potentialAction\":[{\"@type\":\"ReadAction\",\"target\":[\"https:\/\/www.orto24.lt\/en\/produktas\/braceid-wrist-splint\/\"]}]},{\"@type\":\"ImageObject\",\"inLanguage\":\"en-US\",\"@id\":\"https:\/\/www.orto24.lt\/en\/produktas\/braceid-wrist-splint\/#primaryimage\",\"url\":\"https:\/\/www.orto24.lt\/wp-content\/uploads\/2025\/02\/D-Ring-Wrist-Brace-3.jpg\",\"contentUrl\":\"https:\/\/www.orto24.lt\/wp-content\/uploads\/2025\/02\/D-Ring-Wrist-Brace-3.jpg\",\"width\":1633,\"height\":1224},{\"@type\":\"BreadcrumbList\",\"@id\":\"https:\/\/www.orto24.lt\/en\/produktas\/braceid-wrist-splint\/#breadcrumb\",\"itemListElement\":[{\"@type\":\"ListItem\",\"position\":1,\"name\":\"Home\",\"item\":\"https:\/\/www.orto24.lt\/en\/\"},{\"@type\":\"ListItem\",\"position\":2,\"name\":\"Shop\",\"item\":\"https:\/\/www.orto24.lt\/en\/shop\/\"},{\"@type\":\"ListItem\",\"position\":3,\"name\":\"BraceID wrist splint\"}]},{\"@type\":\"WebSite\",\"@id\":\"https:\/\/www.orto24.lt\/en\/#website\",\"url\":\"https:\/\/www.orto24.lt\/en\/\",\"name\":\"Ortopedini\u0173 preki\u0173 parduotuv\u0117 - orto24.lt\",\"description\":\"| orto24.lt\",\"potentialAction\":[{\"@type\":\"SearchAction\",\"target\":{\"@type\":\"EntryPoint\",\"urlTemplate\":\"https:\/\/www.orto24.lt\/en\/?s={search_term_string}\"},\"query-input\":{\"@type\":\"PropertyValueSpecification\",\"valueRequired\":true,\"valueName\":\"search_term_string\"}}],\"inLanguage\":\"en-US\"}]}<\/script>\n<!-- \/ Yoast SEO plugin. -->","yoast_head_json":{"title":"BraceID wrist splint - Ortopedini\u0173 preki\u0173 parduotuv\u0117 - orto24.lt","robots":{"index":"index","follow":"follow","max-snippet":"max-snippet:-1","max-image-preview":"max-image-preview:large","max-video-preview":"max-video-preview:-1"},"canonical":"https:\/\/www.orto24.lt\/en\/produktas\/braceid-wrist-splint\/","og_locale":"en_US","og_type":"article","og_title":"BraceID wrist splint - Ortopedini\u0173 preki\u0173 parduotuv\u0117 - orto24.lt","og_description":"The Belgian BraceID Long Wrist Splint provides adequate stability after injuries, sprains, tendinitis, fractures, carpal tunnel syndrome or other injuries","og_url":"https:\/\/www.orto24.lt\/en\/produktas\/braceid-wrist-splint\/","og_site_name":"Ortopedini\u0173 preki\u0173 parduotuv\u0117 - orto24.lt","article_publisher":"https:\/\/www.facebook.com\/mtsprendimai\/","article_modified_time":"2026-03-08T12:19:06+00:00","og_image":[{"width":1633,"height":1224,"url":"https:\/\/www.orto24.lt\/wp-content\/uploads\/2025\/02\/D-Ring-Wrist-Brace-3.jpg","type":"image\/jpeg"}],"twitter_card":"summary_large_image","schema":{"@context":"https:\/\/schema.org","@graph":[{"@type":"WebPage","@id":"https:\/\/www.orto24.lt\/en\/produktas\/braceid-wrist-splint\/","url":"https:\/\/www.orto24.lt\/en\/produktas\/braceid-wrist-splint\/","name":"BraceID wrist splint - Ortopedini\u0173 preki\u0173 parduotuv\u0117 - orto24.lt","isPartOf":{"@id":"https:\/\/www.orto24.lt\/en\/#website"},"primaryImageOfPage":{"@id":"https:\/\/www.orto24.lt\/en\/produktas\/braceid-wrist-splint\/#primaryimage"},"image":{"@id":"https:\/\/www.orto24.lt\/en\/produktas\/braceid-wrist-splint\/#primaryimage"},"thumbnailUrl":"https:\/\/www.orto24.lt\/wp-content\/uploads\/2025\/02\/D-Ring-Wrist-Brace-3.jpg","datePublished":"2025-02-18T11:31:57+00:00","dateModified":"2026-03-08T12:19:06+00:00","breadcrumb":{"@id":"https:\/\/www.orto24.lt\/en\/produktas\/braceid-wrist-splint\/#breadcrumb"},"inLanguage":"en-US","potentialAction":[{"@type":"ReadAction","target":["https:\/\/www.orto24.lt\/en\/produktas\/braceid-wrist-splint\/"]}]},{"@type":"ImageObject","inLanguage":"en-US","@id":"https:\/\/www.orto24.lt\/en\/produktas\/braceid-wrist-splint\/#primaryimage","url":"https:\/\/www.orto24.lt\/wp-content\/uploads\/2025\/02\/D-Ring-Wrist-Brace-3.jpg","contentUrl":"https:\/\/www.orto24.lt\/wp-content\/uploads\/2025\/02\/D-Ring-Wrist-Brace-3.jpg","width":1633,"height":1224},{"@type":"BreadcrumbList","@id":"https:\/\/www.orto24.lt\/en\/produktas\/braceid-wrist-splint\/#breadcrumb","itemListElement":[{"@type":"ListItem","position":1,"name":"Home","item":"https:\/\/www.orto24.lt\/en\/"},{"@type":"ListItem","position":2,"name":"Shop","item":"https:\/\/www.orto24.lt\/en\/shop\/"},{"@type":"ListItem","position":3,"name":"BraceID wrist splint"}]},{"@type":"WebSite","@id":"https:\/\/www.orto24.lt\/en\/#website","url":"https:\/\/www.orto24.lt\/en\/","name":"Ortopedini\u0173 preki\u0173 parduotuv\u0117 - orto24.lt","description":"| orto24.lt","potentialAction":[{"@type":"SearchAction","target":{"@type":"EntryPoint","urlTemplate":"https:\/\/www.orto24.lt\/en\/?s={search_term_string}"},"query-input":{"@type":"PropertyValueSpecification","valueRequired":true,"valueName":"search_term_string"}}],"inLanguage":"en-US"}]}},"_links":{"self":[{"href":"https:\/\/www.orto24.lt\/en\/wp-json\/wp\/v2\/product\/30633","targetHints":{"allow":["GET"]}}],"collection":[{"href":"https:\/\/www.orto24.lt\/en\/wp-json\/wp\/v2\/product"}],"about":[{"href":"https:\/\/www.orto24.lt\/en\/wp-json\/wp\/v2\/types\/product"}],"replies":[{"embeddable":true,"href":"https:\/\/www.orto24.lt\/en\/wp-json\/wp\/v2\/comments?post=30633"}],"version-history":[{"count":0,"href":"https:\/\/www.orto24.lt\/en\/wp-json\/wp\/v2\/product\/30633\/revisions"}],"wp:featuredmedia":[{"embeddable":true,"href":"https:\/\/www.orto24.lt\/en\/wp-json\/wp\/v2\/media\/30635"}],"wp:attachment":[{"href":"https:\/\/www.orto24.lt\/en\/wp-json\/wp\/v2\/media?parent=30633"}],"wp:term":[{"taxonomy":"product_brand","embeddable":true,"href":"https:\/\/www.orto24.lt\/en\/wp-json\/wp\/v2\/product_brand?post=30633"},{"taxonomy":"product_cat","embeddable":true,"href":"https:\/\/www.orto24.lt\/en\/wp-json\/wp\/v2\/product_cat?post=30633"},{"taxonomy":"product_tag","embeddable":true,"href":"https:\/\/www.orto24.lt\/en\/wp-json\/wp\/v2\/product_tag?post=30633"}],"curies":[{"name":"wp","href":"https:\/\/api.w.org\/{rel}","templated":true}]}}